{"id":4438,"date":"2022-09-16T08:37:41","date_gmt":"2022-09-16T08:37:41","guid":{"rendered":"https:\/\/newsystem-mycityhighlight.com\/?page_id=4438"},"modified":"2022-10-19T18:30:38","modified_gmt":"2022-10-19T18:30:38","slug":"mentions-legales","status":"publish","type":"page","link":"https:\/\/mycityhighlight.com\/fr\/mentions-legales\/","title":{"rendered":"Mentions l\u00e9gales"},"content":{"rendered":"\t\t<div data-elementor-type=\"wp-page\" data-elementor-id=\"4438\" class=\"elementor elementor-4438 elementor-32\" data-elementor-post-type=\"page\">\n\t\t\t\t\t\t<section class=\"elementor-section elementor-top-section elementor-element elementor-element-d0100fc elementor-section-boxed elementor-section-height-default elementor-section-height-default\" data-id=\"d0100fc\" data-element_type=\"section\" data-settings=\"{&quot;jet_parallax_layout_list&quot;:[]}\">\n\t\t\t\t\t\t<div class=\"elementor-container elementor-column-gap-default\">\n\t\t\t\t\t<div class=\"elementor-column elementor-col-100 elementor-top-column elementor-element elementor-element-14c9857\" data-id=\"14c9857\" data-element_type=\"column\">\n\t\t\t<div class=\"elementor-widget-wrap elementor-element-populated\">\n\t\t\t\t\t\t<div class=\"elementor-element elementor-element-62d7828 elementor-widget elementor-widget-heading\" data-id=\"62d7828\" data-element_type=\"widget\" data-widget_type=\"heading.default\">\n\t\t\t\t<div class=\"elementor-widget-container\">\n\t\t\t<style>\/*! elementor - v3.22.0 - 26-06-2024 *\/\n.elementor-heading-title{padding:0;margin:0;line-height:1}.elementor-widget-heading .elementor-heading-title[class*=elementor-size-]>a{color:inherit;font-size:inherit;line-height:inherit}.elementor-widget-heading .elementor-heading-title.elementor-size-small{font-size:15px}.elementor-widget-heading .elementor-heading-title.elementor-size-medium{font-size:19px}.elementor-widget-heading .elementor-heading-title.elementor-size-large{font-size:29px}.elementor-widget-heading .elementor-heading-title.elementor-size-xl{font-size:39px}.elementor-widget-heading .elementor-heading-title.elementor-size-xxl{font-size:59px}<\/style><h1 class=\"elementor-heading-title elementor-size-default\">Mentions l\u00e9gales<\/h1>\t\t<\/div>\n\t\t\t\t<\/div>\n\t\t\t\t<div class=\"elementor-element elementor-element-0fbc02c elementor-widget elementor-widget-heading\" data-id=\"0fbc02c\" data-element_type=\"widget\" data-widget_type=\"heading.default\">\n\t\t\t\t<div class=\"elementor-widget-container\">\n\t\t\t<h2 class=\"elementor-heading-title elementor-size-default\">Adresse de contact<\/h2>\t\t<\/div>\n\t\t\t\t<\/div>\n\t\t\t\t<div class=\"elementor-element elementor-element-67a77f6 elementor-widget elementor-widget-text-editor\" data-id=\"67a77f6\" data-element_type=\"widget\" data-widget_type=\"text-editor.default\">\n\t\t\t\t<div class=\"elementor-widget-container\">\n\t\t\t<style>\/*! elementor - v3.22.0 - 26-06-2024 *\/\n.elementor-widget-text-editor.elementor-drop-cap-view-stacked .elementor-drop-cap{background-color:#69727d;color:#fff}.elementor-widget-text-editor.elementor-drop-cap-view-framed .elementor-drop-cap{color:#69727d;border:3px solid;background-color:transparent}.elementor-widget-text-editor:not(.elementor-drop-cap-view-default) .elementor-drop-cap{margin-top:8px}.elementor-widget-text-editor:not(.elementor-drop-cap-view-default) .elementor-drop-cap-letter{width:1em;height:1em}.elementor-widget-text-editor .elementor-drop-cap{float:left;text-align:center;line-height:1;font-size:50px}.elementor-widget-text-editor .elementor-drop-cap-letter{display:inline-block}<\/style>\t\t\t\t<p>MyCityHighlight AG<br \/>Centre Talgut 7<br \/>3063 Ittigen<br \/>Suisse<\/p>\t\t\t\t\t\t<\/div>\n\t\t\t\t<\/div>\n\t\t\t\t<div class=\"elementor-element elementor-element-0089e55 elementor-widget elementor-widget-heading\" data-id=\"0089e55\" data-element_type=\"widget\" data-widget_type=\"heading.default\">\n\t\t\t\t<div class=\"elementor-widget-container\">\n\t\t\t<h2 class=\"elementor-heading-title elementor-size-default\">Inscription au registre du commerce<\/h2>\t\t<\/div>\n\t\t\t\t<\/div>\n\t\t\t\t<div class=\"elementor-element elementor-element-dfe6f77 elementor-widget elementor-widget-text-editor\" data-id=\"dfe6f77\" data-element_type=\"widget\" data-widget_type=\"text-editor.default\">\n\t\t\t\t<div class=\"elementor-widget-container\">\n\t\t\t\t\t\t\t<p>D\u00e9nomination sociale : MyCityHighlight AG<br \/>Num\u00e9ro : CH-036.3.062.982-9<\/p>\t\t\t\t\t\t<\/div>\n\t\t\t\t<\/div>\n\t\t\t\t<div class=\"elementor-element elementor-element-71f5d64 elementor-widget elementor-widget-heading\" data-id=\"71f5d64\" data-element_type=\"widget\" data-widget_type=\"heading.default\">\n\t\t\t\t<div class=\"elementor-widget-container\">\n\t\t\t<h2 class=\"elementor-heading-title elementor-size-default\">Clause de non-responsabilit\u00e9<\/h2>\t\t<\/div>\n\t\t\t\t<\/div>\n\t\t\t\t<div class=\"elementor-element elementor-element-cd63432 elementor-widget elementor-widget-text-editor\" data-id=\"cd63432\" data-element_type=\"widget\" data-widget_type=\"text-editor.default\">\n\t\t\t\t<div class=\"elementor-widget-container\">\n\t\t\t\t\t\t\t<p>L\u2019auteur n\u2019assume aucune responsabilit\u00e9 quant \u00e0 l\u2019exactitude, la pr\u00e9cision, l\u2019actualit\u00e9, la fiabilit\u00e9 et l\u2019exhaustivit\u00e9 des informations fournies.<br \/>Les recours en responsabilit\u00e9 contre l\u2019auteur pour des dommages mat\u00e9riels ou immat\u00e9riels r\u00e9sultant de l\u2019acc\u00e8s aux informations publi\u00e9es, de leur utilisation ou de leur non-utilisation, d\u2019une mauvaise utilisation de la connexion ou de d\u00e9fauts techniques sont exclus.<br \/>Toutes les offres sont sans engagement. Des parties de pages ou la publication compl\u00e8te, y compris toutes les offres et informations, peuvent \u00eatre \u00e9tendues, modifi\u00e9es ou partiellement ou totalement supprim\u00e9es par l\u2019auteur sans annonce s\u00e9par\u00e9e.<\/p>\t\t\t\t\t\t<\/div>\n\t\t\t\t<\/div>\n\t\t\t\t<div class=\"elementor-element elementor-element-74e231d elementor-widget elementor-widget-heading\" data-id=\"74e231d\" data-element_type=\"widget\" data-widget_type=\"heading.default\">\n\t\t\t\t<div class=\"elementor-widget-container\">\n\t\t\t<h2 class=\"elementor-heading-title elementor-size-default\">Responsabilit\u00e9 des liens<\/h2>\t\t<\/div>\n\t\t\t\t<\/div>\n\t\t\t\t<div class=\"elementor-element elementor-element-170056f elementor-widget elementor-widget-text-editor\" data-id=\"170056f\" data-element_type=\"widget\" data-widget_type=\"text-editor.default\">\n\t\t\t\t<div class=\"elementor-widget-container\">\n\t\t\t\t\t\t\t<p>Les r\u00e9f\u00e9rences et les liens vers des sites web tiers ne rel\u00e8vent pas de notre responsabilit\u00e9, et nous d\u00e9clinons toute responsabilit\u00e9 quant \u00e0 ces sites. L\u2019acc\u00e8s et l\u2019utilisation de ces sites web se font aux risques et p\u00e9rils de l\u2019utilisateur.<\/p>\t\t\t\t\t\t<\/div>\n\t\t\t\t<\/div>\n\t\t\t\t<div class=\"elementor-element elementor-element-6feedfb elementor-widget elementor-widget-heading\" data-id=\"6feedfb\" data-element_type=\"widget\" data-widget_type=\"heading.default\">\n\t\t\t\t<div class=\"elementor-widget-container\">\n\t\t\t<h2 class=\"elementor-heading-title elementor-size-default\">Copyright<\/h2>\t\t<\/div>\n\t\t\t\t<\/div>\n\t\t\t\t<div class=\"elementor-element elementor-element-00e2e4f elementor-widget elementor-widget-text-editor\" data-id=\"00e2e4f\" data-element_type=\"widget\" data-widget_type=\"text-editor.default\">\n\t\t\t\t<div class=\"elementor-widget-container\">\n\t\t\t\t\t\t\t<p>Les droits d\u2019auteur et tous les autres droits sur le contenu, les images, les photos ou autres fichiers du site web appartiennent exclusivement \u00e0 la soci\u00e9t\u00e9 MyCityHighlight AG ou aux d\u00e9tenteurs de droits sp\u00e9cifiquement nomm\u00e9s. Pour la reproduction de tout \u00e9l\u00e9ment, le consentement \u00e9crit des d\u00e9tenteurs des droits d\u2019auteur doit \u00eatre obtenu au pr\u00e9alable.<\/p>\t\t\t\t\t\t<\/div>\n\t\t\t\t<\/div>\n\t\t\t\t<div class=\"elementor-element elementor-element-b807b3c elementor-widget elementor-widget-heading\" data-id=\"b807b3c\" data-element_type=\"widget\" data-widget_type=\"heading.default\">\n\t\t\t\t<div class=\"elementor-widget-container\">\n\t\t\t<h2 class=\"elementor-heading-title elementor-size-default\">Proc\u00e9dure de plainte<\/h2>\t\t<\/div>\n\t\t\t\t<\/div>\n\t\t\t\t<div class=\"elementor-element elementor-element-3be2a95 elementor-widget elementor-widget-text-editor\" data-id=\"3be2a95\" data-element_type=\"widget\" data-widget_type=\"text-editor.default\">\n\t\t\t\t<div class=\"elementor-widget-container\">\n\t\t\t\t\t\t\t<div class=\"wpb_column vc_column_container vc_col-sm-12\"><div class=\"vc_column-inner\"><div class=\"wpb_wrapper\"><div class=\"wpb_text_column wpb_content_element \"><div class=\"wpb_wrapper\"><p>R\u00e8glement alternatif des litiges conform\u00e9ment \u00e0 l\u2019article 14, paragraphe 1, de l\u2019ODR-VO et \u00e0 l\u2019article 36 de la VSBG : La Commission europ\u00e9enne propose une plateforme de r\u00e8glement des litiges en ligne (OS), que vous pouvez trouver \u00e0 l\u2019adresse <a href=\"https:\/\/ec.europa.eu\/consumers\/odr\">https:\/\/ec.europa.eu\/consumers\/odr<\/a> Nous ne sommes ni oblig\u00e9s ni dispos\u00e9s \u00e0 participer \u00e0 une proc\u00e9dure de r\u00e8glement des litiges devant un conseil d\u2019arbitrage en mati\u00e8re de consommation.<\/p><\/div><\/div><\/div><\/div><\/div>\t\t\t\t\t\t<\/div>\n\t\t\t\t<\/div>\n\t\t\t\t\t<\/div>\n\t\t<\/div>\n\t\t\t\t\t<\/div>\n\t\t<\/section>\n\t\t\t\t<\/div>\n\t\t","protected":false},"excerpt":{"rendered":"<p>Mentions l\u00e9gales Adresse de contact MyCityHighlight AG Centre Talgut 7 3063 Ittigen Suisse Inscription au registre du commerce D\u00e9nomination sociale : MyCityHighlight AG Num\u00e9ro : CH-036.3.062.982-9 Clause de non-responsabilit\u00e9 L\u2019auteur n\u2019assume aucune responsabilit\u00e9 quant \u00e0 l\u2019exactitude, la pr\u00e9cision, l\u2019actualit\u00e9, la fiabilit\u00e9 et l\u2019exhaustivit\u00e9 des informations fournies. Les recours en responsabilit\u00e9 contre l\u2019auteur pour des dommages [&hellip;]<\/p>\n","protected":false},"author":1,"featured_media":0,"parent":0,"menu_order":0,"comment_status":"closed","ping_status":"closed","template":"","meta":{"inline_featured_image":false,"site-sidebar-layout":"default","site-content-layout":"default","ast-site-content-layout":"default","site-content-style":"default","site-sidebar-style":"default","ast-global-header-display":"","ast-banner-title-visibility":"","ast-main-header-display":"","ast-hfb-above-header-display":"","ast-hfb-below-header-display":"","ast-hfb-mobile-header-display":"","site-post-title":"","ast-breadcrumbs-content":"","ast-featured-img":"","footer-sml-layout":"","ast-disable-related-posts":"","theme-transparent-header-meta":"default","adv-header-id-meta":"","stick-header-meta":"default","header-above-stick-meta":"","header-main-stick-meta":"","header-below-stick-meta":"","astra-migrate-meta-layouts":"default","ast-page-background-enabled":"default","ast-page-background-meta":{"desktop":{"background-color":"var(--ast-global-color-4)","background-image":"","background-repeat":"repeat","background-position":"center center","background-size":"auto","background-attachment":"scroll","background-type":"","background-media":"","overlay-type":"","overlay-color":"","overlay-opacity":"","overlay-gradient":""},"tablet":{"background-color":"","background-image":"","background-repeat":"repeat","background-position":"center center","background-size":"auto","background-attachment":"scroll","background-type":"","background-media":"","overlay-type":"","overlay-color":"","overlay-opacity":"","overlay-gradient":""},"mobile":{"background-color":"","background-image":"","background-repeat":"repeat","background-position":"center center","background-size":"auto","background-attachment":"scroll","background-type":"","background-media":"","overlay-type":"","overlay-color":"","overlay-opacity":"","overlay-gradient":""}},"ast-content-background-meta":{"desktop":{"background-color":"var(--ast-global-color-5)","background-image":"","background-repeat":"repeat","background-position":"center center","background-size":"auto","background-attachment":"scroll","background-type":"","background-media":"","overlay-type":"","overlay-color":"","overlay-opacity":"","overlay-gradient":""},"tablet":{"background-color":"var(--ast-global-color-5)","background-image":"","background-repeat":"repeat","background-position":"center center","background-size":"auto","background-attachment":"scroll","background-type":"","background-media":"","overlay-type":"","overlay-color":"","overlay-opacity":"","overlay-gradient":""},"mobile":{"background-color":"var(--ast-global-color-5)","background-image":"","background-repeat":"repeat","background-position":"center center","background-size":"auto","background-attachment":"scroll","background-type":"","background-media":"","overlay-type":"","overlay-color":"","overlay-opacity":"","overlay-gradient":""}},"footnotes":""},"class_list":["post-4438","page","type-page","status-publish","hentry"],"_links":{"self":[{"href":"https:\/\/mycityhighlight.com\/fr\/wp-json\/wp\/v2\/pages\/4438","targetHints":{"allow":["GET"]}}],"collection":[{"href":"https:\/\/mycityhighlight.com\/fr\/wp-json\/wp\/v2\/pages"}],"about":[{"href":"https:\/\/mycityhighlight.com\/fr\/wp-json\/wp\/v2\/types\/page"}],"author":[{"embeddable":true,"href":"https:\/\/mycityhighlight.com\/fr\/wp-json\/wp\/v2\/users\/1"}],"replies":[{"embeddable":true,"href":"https:\/\/mycityhighlight.com\/fr\/wp-json\/wp\/v2\/comments?post=4438"}],"version-history":[{"count":0,"href":"https:\/\/mycityhighlight.com\/fr\/wp-json\/wp\/v2\/pages\/4438\/revisions"}],"wp:attachment":[{"href":"https:\/\/mycityhighlight.com\/fr\/wp-json\/wp\/v2\/media?parent=4438"}],"curies":[{"name":"wp","href":"https:\/\/api.w.org\/{rel}","templated":true}]}}